{"id":62992,"date":"2020-03-19T11:41:26","date_gmt":"2020-03-19T14:41:26","guid":{"rendered":"https:\/\/fenaprf.org.br\/novo\/?page_id=62992"},"modified":"2020-05-29T10:33:50","modified_gmt":"2020-05-29T13:33:50","slug":"eleicoes-2020","status":"publish","type":"page","link":"https:\/\/fenaprf.org.br\/novo\/eleicoes-2020\/","title":{"rendered":"Elei\u00e7\u00f5es 2020"},"content":{"rendered":"<p>Aqui nesta p\u00e1gina ser\u00e3o postados todos os documentos, formul\u00e1rios e novidades sobre o andamento do processo eleitoral para o tri\u00eanio 2020\/2022 da Federa\u00e7\u00e3o Nacional dos Policiais Rodovi\u00e1rios Federais. Por conter documentos com dados pessoais dos PRFs, pedimos que n\u00e3o repassem documentos pessoais dos candidatos a terceiros.<\/p>\n<p>&#8212;&#8212;&#8212;&#8212;&#8212;&#8212;&#8212;&#8212;&#8212;&#8212;&#8212;&#8212;&#8212;-<\/p>\n<p><strong>Formul\u00e1rios de Inscri\u00e7\u00f5es:<\/strong><\/p>\n<p><a href=\"https:\/\/docs.google.com\/forms\/d\/1eyt6yYZm64_AUlDhjtTGHusvDI6Lv35X01UiIGozJXI\/viewform?edit_requested=true\" target=\"_blank\" rel=\"noopener noreferrer\"><em><strong>Inscri\u00e7\u00e3o de chapas<\/strong><\/em><\/a><\/p>\n<p><a href=\"https:\/\/docs.google.com\/forms\/d\/1MN2itXKlDvY54G_qUa3E9yylPwf6fZDBeNyb2ZB9VuM\/viewform?edit_requested=true#responses\" target=\"_blank\" rel=\"noopener noreferrer\"><em><strong>Inscri\u00e7\u00e3o para conselho fiscal<\/strong><\/em><\/a><\/p>\n<p><a href=\"https:\/\/docs.google.com\/forms\/d\/1QDPoN6-ALpc-vW-6lRlFUE_myFMj3RgmUjTNMQVp04M\/viewform?edit_requested=true\" target=\"_blank\" rel=\"noopener noreferrer\"><em><strong>Inscri\u00e7\u00e3o para conselho de \u00e9tica<\/strong><\/em><\/a><\/p>\n<p>&nbsp;<\/p>\n<p><strong>Documentos:<\/strong><\/p>\n<p><a href=\"https:\/\/fenaprf.org.br\/novo\/wp-content\/uploads\/2020\/03\/ATA-COMISS\u00c3O-ELEITORAL-2020.pdf\" target=\"_blank\" rel=\"noopener noreferrer\"><em><strong>Ata Reuni\u00e3o 18 e 19\/03\/20<\/strong><\/em><\/a><\/p>\n<p><a href=\"https:\/\/fenaprf.org.br\/novo\/wp-content\/uploads\/2020\/03\/Res.-01-2020-Comissao-Eleitoral-FENAPRF.pdf\" target=\"_blank\" rel=\"noopener noreferrer\"><em><strong>Resolu\u00e7\u00e3o N\u00ba. 1 &#8211; 18\/03\/20<\/strong><\/em><\/a><\/p>\n<p><a href=\"https:\/\/fenaprf.org.br\/novo\/wp-content\/uploads\/2020\/04\/anuencia.pdf\" target=\"_blank\" rel=\"noopener noreferrer\"><em><strong>&#8212; Termo de Anu\u00eancia edit\u00e1vel (requer Adobe Acrobat)<\/strong><\/em><\/a><\/p>\n<p><a href=\"https:\/\/fenaprf.org.br\/novo\/wp-content\/uploads\/2020\/03\/Edital-de-convoca\u00e7\u00e3o-Elei\u00e7\u00e3o.pdf\" target=\"_blank\" rel=\"noopener noreferrer\"><em><strong>Edital de Convoca\u00e7\u00e3o Elei\u00e7\u00f5es 2020<\/strong><\/em><\/a><\/p>\n<p><a href=\"https:\/\/fenaprf.org.br\/novo\/wp-content\/uploads\/2020\/04\/Resolu\u00e7\u00e3o-02-2020-.pdf\" target=\"_blank\" rel=\"noopener noreferrer\"><strong><em>Resolu\u00e7\u00e3o N\u00ba. 2 &#8211; 08\/04\/20<\/em><\/strong><\/a><\/p>\n<p><a href=\"https:\/\/fenaprf.org.br\/novo\/wp-content\/uploads\/2020\/04\/Resolu\u00e7\u00e3o-03-2020.pdf\" target=\"_blank\" rel=\"noopener noreferrer\"><em><strong>Resolu\u00e7\u00e3o N\u00ba.3 &#8211; 16\/04\/20<\/strong><\/em><\/a><\/p>\n<p><a href=\"https:\/\/fenaprf.org.br\/novo\/wp-content\/uploads\/2020\/04\/Comunicado.pdf\" target=\"_blank\" rel=\"noopener noreferrer\"><em><strong>Comunicado sobre a apresenta\u00e7\u00e3o de documentos dos candidatos<\/strong><\/em><\/a><\/p>\n<p><a href=\"https:\/\/drive.google.com\/open?id=1UMAoM4OgQsl7JlRNIT-Ag0onOlt5AEnI\" target=\"_blank\" rel=\"noopener noreferrer\"><em><strong> &#8211;\u00a0Clique aqui para ver os documentos<\/strong><\/em><\/a><\/p>\n<p><a href=\"https:\/\/fenaprf.org.br\/novo\/wp-content\/uploads\/2020\/05\/Decis\u00e3o-1-2020.pdf\" target=\"_blank\" rel=\"noopener noreferrer\"><em><strong>Decis\u00e3o N\u00ba. 1 &#8211; Homologa\u00e7\u00e3o das Inscri\u00e7\u00f5es<\/strong><\/em><\/a><\/p>\n<p><a href=\"https:\/\/fenaprf.org.br\/novo\/wp-content\/uploads\/2020\/05\/Res.-04-2020-Comiss\u00e3o-Eleitoral-FENAPRF.pdf\" target=\"_blank\" rel=\"noopener noreferrer\"><em><strong>Resolu\u00e7\u00e3o N\u00ba.4 &#8211; 28\/05\/20<\/strong><\/em><\/a><\/p>\n","protected":false},"excerpt":{"rendered":"<p>Aqui nesta p\u00e1gina ser\u00e3o postados todos os documentos, formul\u00e1rios e novidades sobre o andamento do processo eleitoral para o tri\u00eanio<span class=\"excerpt-hellip\"> [\u2026]<\/span><\/p>\n","protected":false},"author":6,"featured_media":0,"parent":0,"menu_order":0,"comment_status":"closed","ping_status":"closed","template":"","meta":[],"_links":{"self":[{"href":"https:\/\/fenaprf.org.br\/novo\/wp-json\/wp\/v2\/pages\/62992"}],"collection":[{"href":"https:\/\/fenaprf.org.br\/novo\/wp-json\/wp\/v2\/pages"}],"about":[{"href":"https:\/\/fenaprf.org.br\/novo\/wp-json\/wp\/v2\/types\/page"}],"author":[{"embeddable":true,"href":"https:\/\/fenaprf.org.br\/novo\/wp-json\/wp\/v2\/users\/6"}],"replies":[{"embeddable":true,"href":"https:\/\/fenaprf.org.br\/novo\/wp-json\/wp\/v2\/comments?post=62992"}],"version-history":[{"count":19,"href":"https:\/\/fenaprf.org.br\/novo\/wp-json\/wp\/v2\/pages\/62992\/revisions"}],"predecessor-version":[{"id":63003,"href":"https:\/\/fenaprf.org.br\/novo\/wp-json\/wp\/v2\/pages\/62992\/revisions\/63003"}],"wp:attachment":[{"href":"https:\/\/fenaprf.org.br\/novo\/wp-json\/wp\/v2\/media?parent=62992"}],"curies":[{"name":"wp","href":"https:\/\/api.w.org\/{rel}","templated":true}]}}