{"id":63064,"date":"2020-04-03T20:36:24","date_gmt":"2020-04-03T23:36:24","guid":{"rendered":"https:\/\/fenaprf.org.br\/novo\/?page_id=63064"},"modified":"2020-04-04T17:26:39","modified_gmt":"2020-04-04T20:26:39","slug":"levantamento-covid-19","status":"publish","type":"page","link":"https:\/\/fenaprf.org.br\/novo\/levantamento-covid-19\/","title":{"rendered":"Levantamento COVID-19"},"content":{"rendered":"<p>O DPRF editou uma norma (Portaria 97\/2020) para tratar da organiza\u00e7\u00e3o administrativa e medidas emergenciais internas por conta da crise do coronav\u00edrus.<\/p>\n<p>Entretando, dentre as medidas contidas na norma, a portaria revogou, inicialmente, e posteriormente suspendeu a IN 99\/2017, que regulamentava a Jornada de Trabalho do policial rodovi\u00e1rio federal. A mesma portaria ainda suspendeu a educa\u00e7\u00e3o f\u00edsica institucional (EFI) para todos os servidores.<\/p>\n<p>O sistema sindical dos policiais rodovi\u00e1rios federais quer ouvir a opini\u00e3o da categoria acerca destas mudan\u00e7as provocadas pela administra\u00e7\u00e3o da PRF em meio a este momento t\u00e3o delicado e que tanto empenho e sacrif\u00edcio tem exigido de todos os PRFs.<\/p>\n<p>Participe! Sua opini\u00e3o \u00e9 fundamental para referendar todas as a\u00e7\u00f5es que est\u00e3o e ainda ser\u00e3o tomadas pela FenaPRF e os SinPRFs.<\/p>\n<p>&nbsp;<\/p>\n<p><iframe src=\"https:\/\/docs.google.com\/forms\/d\/e\/1FAIpQLScKPn7Ap_uoJc0m6Zekca3NjfWJchXPwLXZ8Sx94JGtH5jxQg\/viewform?embedded=true\" width=\"900\" height=\"700\" frameborder=\"0\" marginheight=\"0\" marginwidth=\"0\">Carregando\u2026<\/iframe><\/p>\n","protected":false},"excerpt":{"rendered":"<p>O DPRF editou uma norma (Portaria 97\/2020) para tratar da organiza\u00e7\u00e3o administrativa e medidas emergenciais internas por conta da crise<span class=\"excerpt-hellip\"> [\u2026]<\/span><\/p>\n","protected":false},"author":6,"featured_media":0,"parent":0,"menu_order":0,"comment_status":"closed","ping_status":"closed","template":"","meta":[],"_links":{"self":[{"href":"https:\/\/fenaprf.org.br\/novo\/wp-json\/wp\/v2\/pages\/63064"}],"collection":[{"href":"https:\/\/fenaprf.org.br\/novo\/wp-json\/wp\/v2\/pages"}],"about":[{"href":"https:\/\/fenaprf.org.br\/novo\/wp-json\/wp\/v2\/types\/page"}],"author":[{"embeddable":true,"href":"https:\/\/fenaprf.org.br\/novo\/wp-json\/wp\/v2\/users\/6"}],"replies":[{"embeddable":true,"href":"https:\/\/fenaprf.org.br\/novo\/wp-json\/wp\/v2\/comments?post=63064"}],"version-history":[{"count":6,"href":"https:\/\/fenaprf.org.br\/novo\/wp-json\/wp\/v2\/pages\/63064\/revisions"}],"predecessor-version":[{"id":63073,"href":"https:\/\/fenaprf.org.br\/novo\/wp-json\/wp\/v2\/pages\/63064\/revisions\/63073"}],"wp:attachment":[{"href":"https:\/\/fenaprf.org.br\/novo\/wp-json\/wp\/v2\/media?parent=63064"}],"curies":[{"name":"wp","href":"https:\/\/api.w.org\/{rel}","templated":true}]}}