{"id":66775,"date":"2026-03-13T16:51:36","date_gmt":"2026-03-13T19:51:36","guid":{"rendered":"https:\/\/fenaprf.org.br\/novo\/?page_id=66775"},"modified":"2026-04-13T16:05:32","modified_gmt":"2026-04-13T19:05:32","slug":"eleicoes-2026-4","status":"publish","type":"page","link":"https:\/\/fenaprf.org.br\/novo\/eleicoes-2026-4\/","title":{"rendered":"Elei\u00e7\u00f5es 2026"},"content":{"rendered":"<div>Aqui nesta p\u00e1gina ser\u00e3o postados todos os documentos, formul\u00e1rios e novidades sobre o andamento do processo eleitoral para o tri\u00eanio 2026\/2029 da Federa\u00e7\u00e3o Nacional dos Policiais Rodovi\u00e1rios Federais. Os documentos com informa\u00e7\u00f5es pessoais dos candidatos e\/ou candidatas que sejam requeridos por qualquer sindicato filiado ser\u00e3o disponibilizados mediante senha de uso pessoal, garantindo, assim, a preserva\u00e7\u00e3o do dados de acordo com a Lei Geral de Prote\u00e7\u00e3o de Dados (LGPD).<\/div>\n<hr \/>\n<p><strong>Formul\u00e1rios de Inscri\u00e7\u00f5es:<br \/>\n<\/strong><em>O per\u00edodo de inscri\u00e7\u00f5es ser\u00e1 de 23\/03\/2026 a 10\/04\/2026, conforme o Anexo I da Resolu\u00e7\u00e3o 1..<\/em><strong><br \/>\n<\/strong><\/p>\n<ul>\n<li>Inscri\u00e7\u00e3o de chapas para diretoria executiva &#8211; <a href=\"https:\/\/fenaprf.org.br\/novo\/wp-content\/uploads\/2026\/03\/FORMULARIO-DE-INSCRICAO-DE-CHAPA-PARA-DIRETORIA-EXECUTIVA-1.pdf\" target=\"_blank\" rel=\"noopener\"><strong>.PDF<\/strong><\/a><\/li>\n<li>Inscri\u00e7\u00e3o para conselhos fiscal e de \u00e9tica &#8211; <strong><a href=\"https:\/\/fenaprf.org.br\/novo\/wp-content\/uploads\/2026\/03\/FORMULARIO-DE-REQUERIMENTO-A-CANDIDATURAS-INDIVIDUAIS.pdf\" target=\"_blank\" rel=\"noopener\">.PDF<\/a><\/strong><\/li>\n<\/ul>\n<p><em><strong>Termo de anu\u00eancia &#8211; <a href=\"https:\/\/fenaprf.org.br\/novo\/wp-content\/uploads\/2026\/03\/TERMO-DE-ANUENCIA-DE-COMPOSICAO-PARA-CHAPA-PARA-DIRETORIA-EXECUTIVA.pdf\" target=\"_blank\" rel=\"noopener\">.PDF<\/a><\/strong><\/em><\/p>\n<p><strong>Formul\u00e1rio de recurso contra homologa\u00e7\u00e3o de inscri\u00e7\u00f5es &#8211; <a href=\"https:\/\/fenaprf.org.br\/novo\/wp-content\/uploads\/2026\/03\/FORMULARIO-DE-RECURSO-CONTRA-HOMOLOGACAO-DE-INSCRICOES.pdf\" target=\"_blank\" rel=\"noopener\">.PDF<\/a><\/strong><\/p>\n<p><strong>Formul\u00e1rio de impugna\u00e7\u00e3o<\/strong> &#8211; <strong><a href=\"https:\/\/fenaprf.org.br\/novo\/wp-content\/uploads\/2026\/03\/FORMULARIO-DE-IMPUGNACAO-DE-CANDIDATURA.pdf\" target=\"_blank\" rel=\"noopener\"><em>.PDF<\/em><\/a><\/strong><\/p>\n<p><strong>Publica\u00e7\u00f5es e documentos:<\/strong><\/p>\n<ul>\n<li style=\"list-style-type: none;\">\n<ul>\n<li><a href=\"https:\/\/fenaprf.org.br\/novo\/wp-content\/uploads\/2026\/03\/Resolucao_01_Comissao_Eleitoral_2026_FENAPRF_versao_assinada.pdf\" target=\"_blank\" rel=\"noopener\">Resolu\u00e7\u00e3o N\u00ba. 1\/2026 &#8211; Comiss\u00e3o Eleitoral<\/a><\/li>\n<li><a href=\"https:\/\/fenaprf.org.br\/novo\/wp-content\/uploads\/2026\/03\/oficio_02_assinado.pdf\" target=\"_blank\" rel=\"noopener\">Of\u00edcio 02\/26\u00a0<\/a><\/li>\n<li><a href=\"https:\/\/fenaprf.org.br\/novo\/wp-content\/uploads\/2026\/03\/Errata_Resolucao_01_assinado-1.pdf\" target=\"_blank\" rel=\"noopener\">Errata Resolu\u00e7\u00e3o N\u00ba. 1\/2026 &#8211; Comiss\u00e3o Eleitoral<\/a><\/li>\n<\/ul>\n<\/li>\n<\/ul>\n<p>&nbsp;<\/p>\n<hr \/>\n<p><em><strong><a href=\"https:\/\/docs.google.com\/document\/d\/e\/2PACX-1vQzg9x1ia2G86mjvfE79fMgRsWeINoRB35Hq0cabQsYVTtB7e6s2YUIvs4KHtWwhUqb0b9NfDqtN5pt\/pub\" target=\"_blank\" rel=\"noopener\">Clique aqui<\/a> para ver os Inscritos para diretoria executiva e conselhos fiscal e de \u00e9tica<\/strong><\/em><\/p>\n<p>&nbsp;<\/p>\n","protected":false},"excerpt":{"rendered":"<p>Aqui nesta p\u00e1gina ser\u00e3o postados todos os documentos, formul\u00e1rios e novidades sobre o andamento do processo eleitoral para o tri\u00eanio<span class=\"excerpt-hellip\"> [\u2026]<\/span><\/p>\n","protected":false},"author":14,"featured_media":0,"parent":0,"menu_order":0,"comment_status":"closed","ping_status":"closed","template":"","meta":[],"_links":{"self":[{"href":"https:\/\/fenaprf.org.br\/novo\/wp-json\/wp\/v2\/pages\/66775"}],"collection":[{"href":"https:\/\/fenaprf.org.br\/novo\/wp-json\/wp\/v2\/pages"}],"about":[{"href":"https:\/\/fenaprf.org.br\/novo\/wp-json\/wp\/v2\/types\/page"}],"author":[{"embeddable":true,"href":"https:\/\/fenaprf.org.br\/novo\/wp-json\/wp\/v2\/users\/14"}],"replies":[{"embeddable":true,"href":"https:\/\/fenaprf.org.br\/novo\/wp-json\/wp\/v2\/comments?post=66775"}],"version-history":[{"count":21,"href":"https:\/\/fenaprf.org.br\/novo\/wp-json\/wp\/v2\/pages\/66775\/revisions"}],"predecessor-version":[{"id":66842,"href":"https:\/\/fenaprf.org.br\/novo\/wp-json\/wp\/v2\/pages\/66775\/revisions\/66842"}],"wp:attachment":[{"href":"https:\/\/fenaprf.org.br\/novo\/wp-json\/wp\/v2\/media?parent=66775"}],"curies":[{"name":"wp","href":"https:\/\/api.w.org\/{rel}","templated":true}]}}